{"id":3085,"date":"2020-07-22T15:47:06","date_gmt":"2020-07-22T13:47:06","guid":{"rendered":"https:\/\/old.chameleon-pharma.com\/?page_id=3085"},"modified":"2020-07-23T16:26:38","modified_gmt":"2020-07-23T14:26:38","slug":"dados-de-mercado-por-pais","status":"publish","type":"page","link":"https:\/\/old.chameleon-pharma.com\/pt-br\/publicacoes\/dados-de-mercado-por-pais\/","title":{"rendered":"Dados de Mercado por Pa\u00eds"},"content":{"rendered":"<p><a href=\"https:\/\/old.chameleon-pharma.com\/wp-content\/uploads\/2020\/04\/CPC-map.png\"><img loading=\"lazy\" class=\"alignnone wp-image-2737 size-full\" src=\"https:\/\/old.chameleon-pharma.com\/wp-content\/uploads\/2020\/04\/CPC-map.png\" alt=\"\" width=\"684\" height=\"381\" srcset=\"https:\/\/old.chameleon-pharma.com\/\/uploads\/2020\/04\/CPC-map.png 684w, https:\/\/old.chameleon-pharma.com\/\/uploads\/2020\/04\/CPC-map-300x167.png 300w\" sizes=\"(max-width: 684px) 100vw, 684px\" \/><\/a><\/p>\n<p><span style=\"font-weight: 400;\">N\u00e3o basta possuir apenas dados de mercado; \u00e9 preciso tamb\u00e9m ser capaz de compreend\u00ea-los e interpret\u00e1-los. \u00c9 uma tarefa muito maior do que parece; par\u00e2metros como regulamenta\u00e7\u00f5es, est\u00e1gio de mercado e demanda por produtos farmac\u00eauticos e de sa\u00fade do consumidor podem fazer os dados diferirem drasticamente de um pa\u00eds para outro. A compreens\u00e3o dessas nuances pode ser muito dif\u00edcil.<\/span><\/p>\n<p><span style=\"font-weight: 400;\">Na CPC, oferecemos an\u00e1lises de dados de pa\u00edses para aconselh\u00e1-lo sobre os mercados farmac\u00eauticos e de sa\u00fade mais atraentes, as oportunidades que eles oferecem e como aproveit\u00e1-las ao m\u00e1ximo.<\/span><\/p>\n<h2 style=\"text-align: justify;\"><strong><b>CEI\/ECL\/Pa\u00edses da Eur\u00e1sia<\/b><\/strong><\/h2>\n<div id=\"attachment_346\" style=\"width: 300px\" class=\"wp-caption alignleft\"><img aria-describedby=\"caption-attachment-346\" loading=\"lazy\" class=\"wp-image-346\" src=\"https:\/\/old.chameleon-pharma.com\/wp-content\/uploads\/2014\/06\/CIS_PR.jpg\" alt=\"CIS-Region\" width=\"290\" height=\"229\" srcset=\"https:\/\/old.chameleon-pharma.com\/\/uploads\/2014\/06\/CIS_PR.jpg 709w, https:\/\/old.chameleon-pharma.com\/\/uploads\/2014\/06\/CIS_PR-300x237.jpg 300w\" sizes=\"(max-width: 290px) 100vw, 290px\" \/><p id=\"caption-attachment-346\" class=\"wp-caption-text\">CIS-Region<\/p><\/div>\n<p><span style=\"font-weight: 400;\">A regi\u00e3o da CEI (Comunidade dos Estados Independentes) \u00e9 composta por antigos Estados membros da Uni\u00e3o Sovi\u00e9tica; ECL significa Europa Central e do Leste e \u00e9 formada por pa\u00edses do Sul, Sudeste e Leste europeu. A maioria deles representa os mercados emergentes; o mercado farmac\u00eautico e de OTC russo \u00e9 um dos mais promissores em termos de tamanho e crescimento. A maioria dos mercados da CEI tem enorme potencial. Apenas na R\u00fassia, cerca de 75% dos produtos OTC e farmac\u00eauticos (em valor) s\u00e3o importados.<\/span><\/p>\n<p><strong><a title=\"Russia: An overview\" href=\"https:\/\/old.chameleon-pharma.com\/publications\/country-market-data\/russia\/\" target=\"_blank\" rel=\"noopener noreferrer\">R\u00fassia<\/a><\/strong> &#8211; <strong><a title=\"Ukraine \u2013 TRIUMPH country\" href=\"https:\/\/old.chameleon-pharma.com\/publications\/country-market-data\/ukraine\/\" target=\"_blank\" rel=\"noopener noreferrer\">Ucr\u00e2nia<\/a>\u00a0<\/strong>&#8211; <strong><a title=\"Kaza\u00adkhstan: Demand for inno\u00adv\u00ada\u00adtive OTC and Pharma prod\u00aducts\" href=\"https:\/\/old.chameleon-pharma.com\/publications\/country-market-data\/kaza%c2%adkhstan-demand-for-inno%c2%adv%c2%ada%c2%adtive-otc-and-pharma-prod%c2%aducts\/\" target=\"_blank\" rel=\"noopener noreferrer\">Cazaquist\u00e3o <\/a><strong>&#8211; <\/strong><a title=\"Czech Republic\" href=\"https:\/\/old.chameleon-pharma.com\/publications\/country-market-data\/czech-republic\/\" target=\"_blank\" rel=\"noopener noreferrer\">Rep\u00fablica Tcheca<\/a><\/strong> &#8211; <strong><a title=\"Poland\" href=\"https:\/\/old.chameleon-pharma.com\/publications\/country-market-data\/poland\/\" target=\"_blank\" rel=\"noopener noreferrer\">Pol\u00f4nia<\/a> &#8211; <a title=\"Romania\" href=\"https:\/\/old.chameleon-pharma.com\/publications\/country-market-data\/romania\/\" target=\"_blank\" rel=\"noopener noreferrer\">Rom\u00eania<\/a>\u00a0&#8211; <a title=\"Georgia: An emerging and promising healthcare market!\" href=\"https:\/\/old.chameleon-pharma.com\/publications\/country-market-data\/georgia-an-emerging-and-promising-healthcare-market\/\" target=\"_blank\" rel=\"noopener noreferrer\">Ge<strong>\u00f3<\/strong>rgia<\/a><\/strong><\/p>\n<p style=\"text-align: justify;\"><div class=\"ast_divide\" style=\"clear:both;border-bottom: 1px solid #eeeeee; width:100%; height:2px; margin:15px 0;\"><\/div><\/p>\n<h2 style=\"text-align: justify;\"><strong><b>\u00c1sia<\/b><\/strong><\/h2>\n<div id=\"attachment_961\" style=\"width: 300px\" class=\"wp-caption alignleft\"><img aria-describedby=\"caption-attachment-961\" loading=\"lazy\" class=\"wp-image-961 size-full\" src=\"https:\/\/old.chameleon-pharma.com\/wp-content\/uploads\/2014\/06\/5407343369_c5dc846950_o.jpg\" alt=\"\" width=\"290\" height=\"229\" \/><p id=\"caption-attachment-961\" class=\"wp-caption-text\"><a href=\"https:\/\/www.flickr.com\/photos\/herry\/5407343369\" target=\"_blank\" rel=\"noopener noreferrer\"> Hong Kong<\/a> von <a href=\"https:\/\/www.flickr.com\/photos\/herry\/\" target=\"_blank\" rel=\"noopener noreferrer\"> Herry Lawford <\/a> unter <a href=\"http:\/\/creativecommons.org\/licenses\/by\/2.0\/deed.en\" target=\"_blank\" rel=\"noopener noreferrer\">CC<\/a><\/p><\/div>\n<p style=\"text-align: justify;\"><span style=\"font-weight: 400;\">A \u00c1sia \u00e9 uma das regi\u00f5es com maior potencial para investidores do setor farmac\u00eautico e de sa\u00fade do consumidor. Os pa\u00edses est\u00e3o muito dispostos a melhorar seus sistemas de sa\u00fade e os governos t\u00eam investido grandes quantidades de fundos nesses segmentos nos \u00faltimos anos. <\/span><\/p>\n<p><strong><a title=\"Indonesia \u2013 TRIUMPH country\" href=\"https:\/\/old.chameleon-pharma.com\/publications\/country-market-data\/indonesia-triumph-country\/\" target=\"_blank\" rel=\"noopener noreferrer\">Indon\u00e9sia <\/a>\u00a0&#8211; <a title=\"The Philippines \u2013 TRIUMPH country\" href=\"https:\/\/old.chameleon-pharma.com\/publications\/country-market-data\/the-philippines-triumph-country-2\/\" target=\"_blank\" rel=\"noopener noreferrer\"><span style=\"font-weight: 400;\"><strong>Filipinas<\/strong><\/span><\/a> &#8211; <a title=\"Thailand\" href=\"https:\/\/old.chameleon-pharma.com\/publications\/country-market-data\/thailand\/\" target=\"_blank\" rel=\"noopener noreferrer\"><span style=\"font-weight: 400;\"><strong>Tail\u00e2ndia<\/strong><\/span><\/a> &#8211; <a title=\"China\" href=\"https:\/\/old.chameleon-pharma.com\/publications\/country-market-data\/china\/\" target=\"_blank\" rel=\"noopener noreferrer\">China<\/a> &#8211; <a title=\"Malaysia\" href=\"https:\/\/old.chameleon-pharma.com\/publications\/country-market-data\/malaysia\/\" target=\"_blank\" rel=\"noopener noreferrer\">Mal\u00e1sia<\/a> &#8211; <a title=\"India\" href=\"https:\/\/old.chameleon-pharma.com\/publications\/country-market-data\/india\/\" target=\"_blank\" rel=\"noopener noreferrer\">\u00cdndia<\/a> &#8211; <a title=\"Vietnam\" href=\"https:\/\/old.chameleon-pharma.com\/publications\/country-market-data\/vietnam\/\" target=\"_blank\" rel=\"noopener noreferrer\">Vietn\u00e3<\/a><\/strong>\u00a0<strong>&#8211; <a title=\"South Korea\" href=\"https:\/\/old.chameleon-pharma.com\/publications\/country-market-data\/south-korea\/\" target=\"_blank\" rel=\"noopener noreferrer\">Cor\u00e9ia do Sul <\/a><\/strong><strong>&#8211; <a title=\"Aus\u00adtralia\" href=\"https:\/\/old.chameleon-pharma.com\/publications\/country-market-data\/aus%c2%adtralia\/\" target=\"_blank\" rel=\"noopener noreferrer\">Austr\u00e1lia<\/a><\/strong><\/p>\n<div class=\"ast_divide\" style=\"clear:both;border-bottom: 1px solid #eeeeee; width:100%; height:2px; margin:15px 0;\"><\/div>\n<h2 style=\"text-align: justify;\">\u00a0<\/h2>\n<h2 style=\"text-align: justify;\"><strong><b>Am\u00e9rica Latina\u00a0<\/b><\/strong><\/h2>\n<div id=\"attachment_1345\" style=\"width: 300px\" class=\"wp-caption alignleft\"><a href=\"https:\/\/old.chameleon-pharma.com\/wp-content\/uploads\/2014\/06\/1465670067_665fbcd31f_o.jpg\"><img aria-describedby=\"caption-attachment-1345\" loading=\"lazy\" class=\"wp-image-1345 \" src=\"https:\/\/old.chameleon-pharma.com\/wp-content\/uploads\/2014\/06\/1465670067_665fbcd31f_o-300x200.jpg\" alt=\"\" width=\"290\" height=\"200\" \/><\/a><p id=\"caption-attachment-1345\" class=\"wp-caption-text\"><a href=\"https:\/\/www.flickr.com\/photos\/jdlasica\/1465670067\/in\/photolist-3evWDz-c3rhzL-6BqxAB-6BuHAf-ajp1Fp-6Bqy7v-bzwrg3-6BqxMx-9h92yR-P6TxG-5EsaFQ-4R7DWM-ay8Kuj-auCVtr-91bovz-fojnfC-amyBcc-9G8J4P-amBqoS-6Bqxqa-9h931x-icRhmc-amyyrn-amyyT6-amyycc-4R7DVe-6BuHTd-5WigLL-8wLzmF-4fN9b8-Fyk8w-9gtNiM-amBnjN-7UWaJT\" target=\"_blank\" rel=\"noopener noreferrer\"> Toucan in Tokyo <\/a> von <a href=\"https:\/\/www.flickr.com\/photos\/jdlasica\/\" target=\"_blank\" rel=\"noopener noreferrer\"> JD Lasica <\/a> unter <a href=\"http:\/\/creativecommons.org\/licenses\/by\/2.0\/deed.en\" target=\"_blank\" rel=\"noopener noreferrer\">CC<\/a><\/p><\/div>\n<p style=\"text-align: justify;\"><span style=\"font-weight: 400;\">O mercado latino-americano de sa\u00fade tornou-se um mercado muito atraente devido a suas fortes oportunidades de crescimento e desenvolvimentos regulat\u00f3rios, especialmente quando se trata de investimentos de longo prazo. O mercado mexicano de medicamentos e OTC, por exemplo, \u00e9 o segundo maior da Am\u00e9rica Latina, bem como um dos destinos mais atraentes para fabricantes e investidores estrangeiros.<\/span><\/p>\n<p><strong><a title=\"Mexico: Healthcare Emerging Market\" href=\"https:\/\/old.chameleon-pharma.com\/publications\/country-market-data\/mexico\/\">M\u00e9xico\u00a0<\/a>&#8211; <a title=\"Colombia\" href=\"https:\/\/old.chameleon-pharma.com\/publications\/country-market-data\/colombia\/\" target=\"_blank\" rel=\"noopener noreferrer\">Col<strong>\u00f4<\/strong>mbia<\/a> &#8211; <a title=\"Brazil\" href=\"https:\/\/old.chameleon-pharma.com\/publications\/country-market-data\/brazil\/\" target=\"_blank\" rel=\"noopener noreferrer\">Brasil <\/a>&#8211; <a title=\"Argentina\" href=\"https:\/\/old.chameleon-pharma.com\/publications\/country-market-data\/argentina\/\" target=\"_blank\" rel=\"noopener noreferrer\">Argentina<\/a> &#8211; <a title=\"Peru\" href=\"https:\/\/old.chameleon-pharma.com\/publications\/country-market-data\/peru\/\" target=\"_blank\" rel=\"noopener noreferrer\">Peru<\/a><br \/><\/strong><\/p>\n<p style=\"text-align: justify;\"><div class=\"ast_divide\" style=\"clear:both;border-bottom: 1px solid #eeeeee; width:100%; height:2px; margin:15px 0;\"><\/div><\/p>\n<h2 style=\"text-align: justify;\"><strong>Europa<\/strong><\/h2>\n<div id=\"attachment_1346\" style=\"width: 302px\" class=\"wp-caption alignleft\"><a href=\"https:\/\/old.chameleon-pharma.com\/wp-content\/uploads\/2014\/06\/2390666040_5a9d52b896_o.jpg\"><img aria-describedby=\"caption-attachment-1346\" loading=\"lazy\" class=\"wp-image-1346 \" src=\"https:\/\/old.chameleon-pharma.com\/wp-content\/uploads\/2014\/06\/2390666040_5a9d52b896_o-300x224.jpg\" alt=\"\" width=\"292\" height=\"218\" srcset=\"https:\/\/old.chameleon-pharma.com\/\/uploads\/2014\/06\/2390666040_5a9d52b896_o-300x224.jpg 300w, https:\/\/old.chameleon-pharma.com\/\/uploads\/2014\/06\/2390666040_5a9d52b896_o.jpg 797w\" sizes=\"(max-width: 292px) 100vw, 292px\" \/><\/a><p id=\"caption-attachment-1346\" class=\"wp-caption-text\"><a href=\"https:\/\/www.flickr.com\/photos\/robdeman\/2390666040\/in\/photolist-4DfMJ1-bza6VY-bhVuAD-8n25hm-gbtQ2-5uQNGe-fbGUdW-fbsCfF-fbsCj8-9sfY2-6KnpEc-Ti8Kt-7y3GEX-2WAXm2-aJN7Sk-8odEaX-hz8vj-8ofXhv-4VBm3Q-8ku3hp-8s4uTN-8q6kNA-hVTn3-8mcXr8-8mcX1t-8ojnZE-8ofWzD-6Y4Sr3-3KQMcz-8nRV9d-P1QkV-9Sct6x-98jRi8-2raPBV-2EyCTR-mqndK-fnAcx8-fnQrrm-5jzd2a-XMMTs-fnAg5V-8mghqf-5wCLLF-7rQYq-8n267A-8n26YW-dmN9fy-9DwWLP-67Gy3p-LixoL\" target=\"_blank\" rel=\"noopener noreferrer\"> European Flag<\/a> von <a href=\"https:\/\/www.flickr.com\/photos\/robdeman\/\" target=\"_blank\" rel=\"noopener noreferrer\"> Rock Cohen <\/a> unter <a href=\"http:\/\/creativecommons.org\/licenses\/by\/2.0\/deed.en\" target=\"_blank\" rel=\"noopener noreferrer\">CC<\/a><\/p><\/div>\n<p><span style=\"font-weight: 400;\">Nos pr\u00f3ximos cinco anos, espera-se que a ind\u00fastria farmac\u00eautica na Europa cres\u00e7a muito menos devido a uma variedade de fatores: expira\u00e7\u00e3o de patentes, abordagem cada vez mais cautelosa da inova\u00e7\u00e3o na regi\u00e3o, etc. A ind\u00fastria farmac\u00eautica ocidental madura est\u00e1 agora enfrentando um ambiente de neg\u00f3cios desafiador e, conseq\u00fcentemente, mostra um crescimento lento, no entanto, o mercado farmac\u00eautico tem sua atratividade para segmentos espec\u00edficos e com a abordagem correta.<\/span><\/p>\n<p><strong><a title=\"Belgium &amp; the Netherlands\" href=\"https:\/\/old.chameleon-pharma.com\/publications\/country-market-data\/belgium-the-netherlands\/\" target=\"_blank\" rel=\"noopener noreferrer\">BeNeLux<\/a> &#8211; <a title=\"The Nordic Countries\" href=\"https:\/\/old.chameleon-pharma.com\/the-nordic-countries\/\" target=\"_blank\" rel=\"noopener noreferrer\">Europa do Norte<\/a> &#8211; <strong><a title=\"Austria\" href=\"https:\/\/old.chameleon-pharma.com\/publications\/country-market-data\/austria\/\" target=\"_blank\" rel=\"noopener noreferrer\"><span style=\"font-weight: 400;\"><strong>\u00c1<\/strong><\/span>ustria<\/a> &#8211; <\/strong><a title=\"France\" href=\"https:\/\/old.chameleon-pharma.com\/publications\/country-market-data\/france\/\" target=\"_blank\" rel=\"noopener noreferrer\">Fran<strong>\u00e7a<\/strong><\/a> &#8211; <a title=\"Germany: The biggest European market\" href=\"https:\/\/old.chameleon-pharma.com\/publications\/country-market-data\/germany-the-biggest-european-market\/\" target=\"_blank\" rel=\"noopener noreferrer\">Alemanha<\/a>\u00a0&#8211; <a title=\"Italy\" href=\"https:\/\/old.chameleon-pharma.com\/publications\/country-market-data\/italy\/\" target=\"_blank\" rel=\"noopener noreferrer\">It<strong>\u00e1<\/strong>lia<\/a>\u00a0&#8211; <a title=\"Portugal\" href=\"https:\/\/old.chameleon-pharma.com\/publications\/country-market-data\/portugal\/\" target=\"_blank\" rel=\"noopener noreferrer\">Portugal<\/a> &#8211; <a title=\"Spain\" href=\"https:\/\/old.chameleon-pharma.com\/spain\/\" target=\"_blank\" rel=\"noopener noreferrer\">Espanha<\/a> &#8211; <a title=\"Switzerland\" href=\"https:\/\/old.chameleon-pharma.com\/switzerland\/\" target=\"_blank\" rel=\"noopener noreferrer\">Su\u00ed\u00e7a<\/a><\/strong><\/p>\n<div class=\"ast_divide\" style=\"clear:both;border-bottom: 1px solid #eeeeee; width:100%; height:2px; margin:15px 0;\"><\/div>\n<h2><strong><b>Oriente M\u00e9dio e \u00c1frica\u00a0<\/b><\/strong><\/h2>\n\n\n<div class=\"wp-block-image\"><figure class=\"alignleft size-large is-resized\"><img loading=\"lazy\" src=\"https:\/\/old.chameleon-pharma.com\/wp-content\/uploads\/2020\/06\/9695251622_02731eb2c1_c.jpg\" alt=\"\" class=\"wp-image-3481\" width=\"306\" height=\"204\"\/><figcaption><a href=\"https:\/\/www.flickr.com\/photos\/100172115@N03\/\">Andrej Kragel<\/a> &#8211; <br><a href=\"https:\/\/www.flickr.com\/photos\/100172115@N03\/9695251622\/\">Emirates<\/a><\/figcaption><\/figure><\/div>\n\n\n\n<p>O Oriente M\u00e9dio e a \u00c1frica representam pa\u00edses com PIBs, n\u00edveis de desenvolvimento econ\u00f4mico e infra-estrutura de sa\u00fade muito diferentes. A Ar\u00e1bia Saudita, Egito, \u00c1frica do Sul e outros pa\u00edses est\u00e3o aumentando passo a passo seu papel nos mercados de sa\u00fade de consumo e OTC da regi\u00e1o. Se entrarem nesses mercados com uma abordagem sistem\u00e1tica s\u00e1bia e com produtos estrategicamente selecionados, as empresas farmac\u00eauticas e de sa\u00fade do consumidor podem se tornar bastante bem sucedidas na regi\u00e3o.<\/p>\n\n\n\n<p><a rel=\"noreferrer noopener\" href=\"https:\/\/old.chameleon-pharma.com\/publications\/country-market-data\/turkey\/\" target=\"_blank\"><strong>Turquia<\/strong><\/a> &#8211; <strong><a href=\"https:\/\/old.chameleon-pharma.com\/publications\/country-market-data\/iran\/\">Ir\u00e3<\/a> &#8211; <a rel=\"noreferrer noopener\" href=\"https:\/\/old.chameleon-pharma.com\/publications\/country-market-data\/south-africa\/\" target=\"_blank\">\u00c1frica do Sul <\/a><\/strong><\/p>\n\n\n<div class=\"ast_divide\" style=\"clear:both;border-bottom: 1px solid #eeeeee; width:100%; height:2px; margin:15px 0;\"><\/div>\n\n\n\n<h2><strong><strong>Am\u00e9rica do Norte<\/strong><\/strong> <\/h2>\n\n\n\n<div class=\"wp-block-image\"><figure class=\"alignleft size-large is-resized\"><img loading=\"lazy\" src=\"https:\/\/old.chameleon-pharma.com\/wp-content\/uploads\/2020\/06\/27184779286_ac0bbea8fc_c.jpg\" alt=\"\" class=\"wp-image-3488\" width=\"307\" height=\"204\"\/><figcaption><a href=\"https:\/\/www.flickr.com\/photos\/opengridscheduler\/\">pen Grid Scheduler \/ Grid Engine<\/a> &#8211; <br><a href=\"https:\/\/www.flickr.com\/photos\/opengridscheduler\/27184779286\/\">Toronto<\/a><\/figcaption><\/figure><\/div>\n\n\n\n<p>A regi\u00e3o norte-americana, especialmente os EUA, \u00e9 uma das l\u00edderes mundiais em vendas nos segmentos de sa\u00fade do consumidor e farmac\u00eautico. Quando se trata de sa\u00fade, o Canad\u00e1 e os EUA est\u00e3o representando um crescimento significativo, que pode ser facilmente explicado por um f\u00e1cil acesso a medicamentos de alto valor, alta conscientiza\u00e7\u00e3o da popula\u00e7\u00e3o em rela\u00e7\u00e3o \u00e0 sa\u00fade, gastos bastante significativos com a sa\u00fade e, claro, um PIB elevado.<\/p>\n\n\n\n<p><strong>&#8211; <a href=\"https:\/\/old.chameleon-pharma.com\/publications\/country-market-data\/the-usa\/\">EUA<\/a> &#8211; <a href=\"https:\/\/old.chameleon-pharma.com\/countries\/canada\/\">Canad\u00e1<\/a><\/strong><\/p>\n","protected":false},"excerpt":{"rendered":"<p>N\u00e3o basta possuir apenas dados de mercado; \u00e9 preciso tamb\u00e9m ser capaz de compreend\u00ea-los e interpret\u00e1-los. \u00c9 uma tarefa muito maior do que parece; par\u00e2metros como regulamenta\u00e7\u00f5es, est\u00e1gio de mercado e demanda por produtos farmac\u00eauticos e de sa\u00fade do consumidor podem fazer os dados diferirem drasticamente de um pa\u00eds para outro. A compreens\u00e3o dessas nuances<br \/><a class=\"moretag\" href=\"https:\/\/old.chameleon-pharma.com\/pt-br\/publicacoes\/dados-de-mercado-por-pais\/\">+ Read More<\/a><\/p>\n","protected":false},"author":4,"featured_media":0,"parent":3548,"menu_order":0,"comment_status":"closed","ping_status":"closed","template":"","meta":[],"_links":{"self":[{"href":"https:\/\/old.chameleon-pharma.com\/pt-br\/wp-json\/wp\/v2\/pages\/3085"}],"collection":[{"href":"https:\/\/old.chameleon-pharma.com\/pt-br\/wp-json\/wp\/v2\/pages"}],"about":[{"href":"https:\/\/old.chameleon-pharma.com\/pt-br\/wp-json\/wp\/v2\/types\/page"}],"author":[{"embeddable":true,"href":"https:\/\/old.chameleon-pharma.com\/pt-br\/wp-json\/wp\/v2\/users\/4"}],"replies":[{"embeddable":true,"href":"https:\/\/old.chameleon-pharma.com\/pt-br\/wp-json\/wp\/v2\/comments?post=3085"}],"version-history":[{"count":48,"href":"https:\/\/old.chameleon-pharma.com\/pt-br\/wp-json\/wp\/v2\/pages\/3085\/revisions"}],"predecessor-version":[{"id":3258,"href":"https:\/\/old.chameleon-pharma.com\/pt-br\/wp-json\/wp\/v2\/pages\/3085\/revisions\/3258"}],"up":[{"embeddable":true,"href":"https:\/\/old.chameleon-pharma.com\/pt-br\/wp-json\/wp\/v2\/pages\/3548"}],"wp:attachment":[{"href":"https:\/\/old.chameleon-pharma.com\/pt-br\/wp-json\/wp\/v2\/media?parent=3085"}],"curies":[{"name":"wp","href":"https:\/\/api.w.org\/{rel}","templated":true}]}}