{"id":3037,"date":"2020-07-22T15:21:09","date_gmt":"2020-07-22T13:21:09","guid":{"rendered":"https:\/\/old.chameleon-pharma.com\/?page_id=3037"},"modified":"2020-08-04T15:45:33","modified_gmt":"2020-08-04T13:45:33","slug":"porque-trabalhar-conosco","status":"publish","type":"page","link":"https:\/\/old.chameleon-pharma.com\/pt-br\/porque-trabalhar-conosco\/","title":{"rendered":"Porque trabalhar conosco"},"content":{"rendered":"\n<h2>Nossos mais de 20 anos de experi\u00eancia resultaram em in\u00fameros projetos de OTC, Rx, Dispositivos M\u00e9dicos, Suplementos Alimentares, Cosm\u00e9ticos, e Fitoter\u00e1picos em todo o mundo.<\/h2>\n\n\n\n<p><a href=\"https:\/\/old.chameleon-pharma.com\/pt-br\/servicos\/\">Clique aqui para ver todos os servi\u00e7os que oferecemos!<\/a><\/p>\n\n\n\n<figure class=\"wp-block-image size-large\"><img loading=\"lazy\" width=\"1024\" height=\"765\" src=\"https:\/\/old.chameleon-pharma.com\/wp-content\/uploads\/2020\/07\/Why-to-work-with-us-1-1024x765.png\" alt=\"\" class=\"wp-image-3040\" srcset=\"https:\/\/old.chameleon-pharma.com\/\/uploads\/2020\/07\/Why-to-work-with-us-1-1024x765.png 1024w, https:\/\/old.chameleon-pharma.com\/\/uploads\/2020\/07\/Why-to-work-with-us-1-300x224.png 300w, https:\/\/old.chameleon-pharma.com\/\/uploads\/2020\/07\/Why-to-work-with-us-1-768x574.png 768w, https:\/\/old.chameleon-pharma.com\/\/uploads\/2020\/07\/Why-to-work-with-us-1.png 1161w\" sizes=\"(max-width: 1024px) 100vw, 1024px\" \/><\/figure>\n","protected":false},"excerpt":{"rendered":"<p>Nossos mais de 20 anos de experi\u00eancia resultaram em in\u00fameros projetos de OTC, Rx, Dispositivos M\u00e9dicos, Suplementos Alimentares, Cosm\u00e9ticos, e Fitoter\u00e1picos em todo o mundo. Clique aqui para ver todos os servi\u00e7os que oferecemos!<\/p>\n","protected":false},"author":4,"featured_media":0,"parent":0,"menu_order":0,"comment_status":"closed","ping_status":"closed","template":"","meta":[],"_links":{"self":[{"href":"https:\/\/old.chameleon-pharma.com\/pt-br\/wp-json\/wp\/v2\/pages\/3037"}],"collection":[{"href":"https:\/\/old.chameleon-pharma.com\/pt-br\/wp-json\/wp\/v2\/pages"}],"about":[{"href":"https:\/\/old.chameleon-pharma.com\/pt-br\/wp-json\/wp\/v2\/types\/page"}],"author":[{"embeddable":true,"href":"https:\/\/old.chameleon-pharma.com\/pt-br\/wp-json\/wp\/v2\/users\/4"}],"replies":[{"embeddable":true,"href":"https:\/\/old.chameleon-pharma.com\/pt-br\/wp-json\/wp\/v2\/comments?post=3037"}],"version-history":[{"count":4,"href":"https:\/\/old.chameleon-pharma.com\/pt-br\/wp-json\/wp\/v2\/pages\/3037\/revisions"}],"predecessor-version":[{"id":3711,"href":"https:\/\/old.chameleon-pharma.com\/pt-br\/wp-json\/wp\/v2\/pages\/3037\/revisions\/3711"}],"wp:attachment":[{"href":"https:\/\/old.chameleon-pharma.com\/pt-br\/wp-json\/wp\/v2\/media?parent=3037"}],"curies":[{"name":"wp","href":"https:\/\/api.w.org\/{rel}","templated":true}]}}