{"id":3022,"date":"2020-07-22T15:15:54","date_gmt":"2020-07-22T13:15:54","guid":{"rendered":"https:\/\/old.chameleon-pharma.com\/?page_id=3022"},"modified":"2020-07-22T15:19:23","modified_gmt":"2020-07-22T13:19:23","slug":"what-we-do","status":"publish","type":"page","link":"https:\/\/old.chameleon-pharma.com\/pt-br\/what-we-do\/","title":{"rendered":"What we do"},"content":{"rendered":"\n<h2><strong><strong>O que fazemos<\/strong>\u00a0<\/strong><\/h2>\n\n\n\n<p>Ser seu conselheiro de confian\u00e7a na compreens\u00e3o global das oportunidades e desafios da ind\u00fastria da sa\u00fade dos mercados emergentes na \u00c1sia, Am\u00e9rica Latina, CEI, Oriente M\u00e9dio, bem como na regi\u00e3o europ\u00e9ia.<\/p>\n\n\n\n<h2><strong><strong>Nosso valor agregado<\/strong><\/strong><\/h2>\n\n\n\n<p>Trabalharemos para voc\u00ea enquanto voc\u00ea se concentra em seus neg\u00f3cios do dia-a-dia.<br>N\u00f3s temos a experi\u00eancia e os especialistas necess\u00e1rios para satisfazer (quase) todos os seus desejos.<br>Somos uma equipe pr\u00e1tica, orientada a metas e din\u00e2mica, pronta para apoi\u00e1-lo<\/p>\n\n\n<h2><div class=\"ast_divide\" style=\"clear:both;border-bottom: 1px solid #eeeeee; width:100%; height:2px; margin:15px 0;\"><\/div><\/h2>\n<h2><span style=\"color: #333399;\"><b>Regi\u00f5es em foco<\/b><br \/><\/span><\/h2>\n<p><span style=\"font-weight: 400;\">A especialidade da CPC abrange a Ind\u00fastria de Sa\u00fade em todo o mundo. Realizamos com sucesso v\u00e1rios projetos com foco nos seguintes mercados:<\/span><\/p>\n<p><a href=\"https:\/\/old.chameleon-pharma.com\/wp-content\/uploads\/2020\/04\/CPC-map.png\"><img loading=\"lazy\" class=\"alignnone size-full wp-image-2737\" src=\"https:\/\/old.chameleon-pharma.com\/wp-content\/uploads\/2020\/04\/CPC-map.png\" alt=\"\" width=\"684\" height=\"381\" srcset=\"https:\/\/old.chameleon-pharma.com\/\/uploads\/2020\/04\/CPC-map.png 684w, https:\/\/old.chameleon-pharma.com\/\/uploads\/2020\/04\/CPC-map-300x167.png 300w\" sizes=\"(max-width: 684px) 100vw, 684px\" \/><\/a><\/p>\n<h3><strong><b>CEI\/ ECL<\/b><\/strong><\/h3>\n<ul>\n<li style=\"font-weight: 400;\"><span style=\"font-weight: 400;\">Fornecemos aos clientes uma <\/span><b>An\u00e1lise de Entrada no Mercado<\/b><span style=\"font-weight: 400;\"> e os ajudamos a <\/span><b>identificar parceiros<\/b><span style=\"font-weight: 400;\"> din\u00e2micos <\/span><b>locais<\/b><span style=\"font-weight: 400;\">, utilizando o <\/span><b>Processo Sistem\u00e1tico de Identifica\u00e7\u00e3o de Empresas Parceiras Internacionais<\/b><span style=\"font-weight: 400;\"> na regi\u00e3o CEI\/ECL.<\/span><\/li>\n<li style=\"font-weight: 400;\"><span style=\"font-weight: 400;\">Apoiamos clientes em v\u00e1rios projetos de <\/span><b>Due Diligence Comercial<\/b><span style=\"font-weight: 400;\"> na <\/span><b>R\u00fassia<\/b><span style=\"font-weight: 400;\">, <\/span><b>Ucr\u00e2nia<\/b><span style=\"font-weight: 400;\">, Cazaquist\u00e3o e Rom\u00eania.<\/span><\/li>\n<li style=\"font-weight: 400;\"><span style=\"font-weight: 400;\">Estabelecemos e desenvolvemos v\u00e1rios <\/span><b>projetos de estrat\u00e9gia de mercado internacional<\/b><span style=\"font-weight: 400;\"> com empresas de Consumer Healthcare, Rx, Cosm\u00e9ticos e Dispositivos M\u00e9dicos e conduzimos diferentes <\/span><b>Cen\u00e1rios Estrat\u00e9gicos<\/b><span style=\"font-weight: 400;\"> junto com estes clientes<\/span><\/li>\n<\/ul>\n<h3><b>\u00c1sia<\/b><\/h3>\n<ul>\n<li style=\"font-weight: 400;\"><span style=\"font-weight: 400;\">Executamos v\u00e1rias <\/span><b>buscas de parceiros<\/b><span style=\"font-weight: 400;\"> locais de vendas e marketing que envolveram an\u00e1lise de mercado, entrada no mercado e suporte regulat\u00f3rio em pa\u00edses como <\/span><b>China, Filipinas, Vietn\u00e3, Indon\u00e9sia, Tail\u00e2ndia, \u00cdndia, Mal\u00e1sia, etc<\/b><span style=\"font-weight: 400;\">.<\/span><\/li>\n<li style=\"font-weight: 400;\"><span style=\"font-weight: 400;\">Consultamos clientes em <\/span><b>Busca de Executivos<\/b><span style=\"font-weight: 400;\"> e Avalia\u00e7\u00e3o de Administra\u00e7\u00e3o na Ind\u00fastria Farmac\u00eautica para as principais contrata\u00e7\u00f5es em Administra\u00e7\u00e3o Geral, Marketing Internacional, <\/span><b>Regulamenta\u00e7\u00e3o<\/b><span style=\"font-weight: 400;\"> e Controle Financeiro.<\/span><\/li>\n<li style=\"font-weight: 400;\"><span style=\"font-weight: 400;\">Facilitamos a entrada de clientes da \u00c1sia no mercado europeu atrav\u00e9s de consultoria em t\u00f3picos de regulamenta\u00e7\u00e3o, certificados BPF e Cen\u00e1rios de Entrada no Mercado.<\/span><\/li>\n<\/ul>\n<h3><b>Am\u00e9rica Latina<\/b><\/h3>\n<ul>\n<li><span style=\"font-weight: 400;\">Apoiamos projetos de <\/span><b>entrada no mercado<\/b><span style=\"font-weight: 400;\"> para empresas de OTC, Cosm\u00e9ticos, Rx e Dispositivos M\u00e9dicos. Fornecemos aos clientes uma <\/span><b>An\u00e1lise de Entrada no Mercado<\/b><span style=\"font-weight: 400;\"> e os ajudamos a<\/span><b> identificar parceiros<\/b><span style=\"font-weight: 400;\"> din\u00e2micos <\/span><b>locais<\/b><span style=\"font-weight: 400;\">, utilizando o <\/span><b>Processo Sistem\u00e1tico de Identifica\u00e7\u00e3o de Empresas Parceiras Internacionais<\/b><span style=\"font-weight: 400;\"> na regi\u00e3o da Am\u00e9rica Latina.<\/span><\/li>\n<li><span style=\"font-weight: 400;\">Ajudamos clientes a identificar <\/span><b>Alvos de Aquisi\u00e7\u00e3o<\/b><span style=\"font-weight: 400;\"> em pa\u00edses como M\u00e9xico, Brasil e Col\u00f4mbia.<\/span><\/li>\n<li><span style=\"font-weight: 400;\">Ajudamos clientes a identificar parcerias din\u00e2micas locais com empresas da Europa.<\/span><\/li>\n<li style=\"list-style-type: none;\">\u00a0<\/li>\n<\/ul>\n<h3><strong>Europa<\/strong><\/h3>\n<ul>\n<li style=\"font-weight: 400;\"><span style=\"font-weight: 400;\">Apoiamos projetos de <\/span><b>entrada no mercado<\/b><span style=\"font-weight: 400;\"> europeu para empresas de OTC, Cosm\u00e9ticos, Rx e Dispositivos M\u00e9dicos.<\/span><\/li>\n<li style=\"font-weight: 400;\"><span style=\"font-weight: 400;\">Estabelecemos v\u00e1rios projetos de estrat\u00e9gia de mercado internacional com empresas de Consumer Healthcare, Rx, Cosm\u00e9ticos e Dispositivos M\u00e9dicos e elaborou diferentes <\/span><b>Cen\u00e1rios Estrat\u00e9gicos<\/b><span style=\"font-weight: 400;\"> junto aos clientes, tamb\u00e9m em rela\u00e7\u00e3o aos pa\u00edses da \u00c1sia, Am\u00e9rica Latina e CEI\/ECL.<\/span><\/li>\n<li style=\"font-weight: 400;\"><span style=\"font-weight: 400;\">Apoiamos clientes em v\u00e1rios projetos de <\/span><b>Due Diligence Comercial<\/b><span style=\"font-weight: 400;\"> em diferentes segmentos.<\/span><\/li>\n<li style=\"font-weight: 400;\"><span style=\"font-weight: 400;\">Aconselhados em v\u00e1rios <\/span><b>assuntos de regulamenta\u00e7\u00e3o<\/b><span style=\"font-weight: 400;\"> na Europa.<\/span><\/li>\n<\/ul>\n\n\n<h3><strong><strong>Am\u00e9rica do Norte<\/strong><\/strong><\/h3>\n\n\n\n<ul><li>Apoiamos clientes internacionais do setor farmac\u00eautico\/de sa\u00fade com a identifica\u00e7\u00e3o dos melhores parceiros locais de distribui\u00e7\u00e3o nos EUA para seus neg\u00f3cios, marcas e produtos espec\u00edficos, utilizando nosso <strong>Processo Sistem\u00e1tico de Identifica\u00e7\u00e3o de Empresas Parceiras Internacionais.<\/strong><\/li><li>Conclu\u00edmos projetos de <strong>entrada no mercado<\/strong> e <strong>an\u00e1lise de concorrentes<\/strong> locais para as principais empresas de cosm\u00e9ticos e dispositivos m\u00e9dicos da UE e da \u00c1sia para entrada no mercado dos <strong>EUA<\/strong>.<\/li><li>Trabalhamos com empresas <strong>americanas<\/strong> na identifica\u00e7\u00e3o de <strong>alvos de aquisi\u00e7\u00e3o<\/strong> europeus no segmento de medicamentos OTC, bem como de suplementos alimentares.<\/li><li>Publicamos uma <strong>pesquisa de mercado<\/strong> aprofundada sobre a r\u00e1pida evolu\u00e7\u00e3o da ind\u00fastria <strong>canadense<\/strong> de can\u00e1bis medicinal e consultamos sobre as <strong>estrat\u00e9gias regulat\u00f3rias<\/strong>.<\/li><li>Apoiamos empresas canadenses de <strong>cannabis medicinal<\/strong> para analisar sistematicamente o <strong>processo regulat\u00f3rio do pa\u00eds<\/strong>, bem como o potencial de entrada no mercado na Europa, R\u00fassia e CEI, \u00c1sia e Am\u00e9rica Latina.<\/li><\/ul>\n","protected":false},"excerpt":{"rendered":"<p>O que fazemos\u00a0 Ser seu conselheiro de confian\u00e7a na compreens\u00e3o global das oportunidades e desafios da ind\u00fastria da sa\u00fade dos mercados emergentes na \u00c1sia, Am\u00e9rica Latina, CEI, Oriente M\u00e9dio, bem como na regi\u00e3o europ\u00e9ia. Nosso valor agregado Trabalharemos para voc\u00ea enquanto voc\u00ea se concentra em seus neg\u00f3cios do dia-a-dia.N\u00f3s temos a experi\u00eancia e os especialistas<br \/><a class=\"moretag\" href=\"https:\/\/old.chameleon-pharma.com\/pt-br\/what-we-do\/\">+ Read More<\/a><\/p>\n","protected":false},"author":4,"featured_media":0,"parent":0,"menu_order":0,"comment_status":"closed","ping_status":"closed","template":"","meta":[],"_links":{"self":[{"href":"https:\/\/old.chameleon-pharma.com\/pt-br\/wp-json\/wp\/v2\/pages\/3022"}],"collection":[{"href":"https:\/\/old.chameleon-pharma.com\/pt-br\/wp-json\/wp\/v2\/pages"}],"about":[{"href":"https:\/\/old.chameleon-pharma.com\/pt-br\/wp-json\/wp\/v2\/types\/page"}],"author":[{"embeddable":true,"href":"https:\/\/old.chameleon-pharma.com\/pt-br\/wp-json\/wp\/v2\/users\/4"}],"replies":[{"embeddable":true,"href":"https:\/\/old.chameleon-pharma.com\/pt-br\/wp-json\/wp\/v2\/comments?post=3022"}],"version-history":[{"count":14,"href":"https:\/\/old.chameleon-pharma.com\/pt-br\/wp-json\/wp\/v2\/pages\/3022\/revisions"}],"predecessor-version":[{"id":3036,"href":"https:\/\/old.chameleon-pharma.com\/pt-br\/wp-json\/wp\/v2\/pages\/3022\/revisions\/3036"}],"wp:attachment":[{"href":"https:\/\/old.chameleon-pharma.com\/pt-br\/wp-json\/wp\/v2\/media?parent=3022"}],"curies":[{"name":"wp","href":"https:\/\/api.w.org\/{rel}","templated":true}]}}