{"id":3014,"date":"2020-07-22T15:12:08","date_gmt":"2020-07-22T13:12:08","guid":{"rendered":"https:\/\/old.chameleon-pharma.com\/?page_id=3014"},"modified":"2020-07-22T15:15:12","modified_gmt":"2020-07-22T13:15:12","slug":"quem-somos","status":"publish","type":"page","link":"https:\/\/old.chameleon-pharma.com\/pt-br\/quem-somos\/","title":{"rendered":"Quem somos"},"content":{"rendered":"\n<div class=\"wp-block-image\"><figure class=\"alignleft size-large is-resized\"><img loading=\"lazy\" src=\"https:\/\/old.chameleon-pharma.com\/wp-content\/uploads\/2020\/04\/House-of-Competence.jpg\" alt=\"\" class=\"wp-image-2890\" width=\"589\" height=\"370\"\/><\/figure><\/div>\n\n\n\n<p>N\u00f3s da <strong>Chameleon Pharma Consulting (CPC)<\/strong> somos <strong>experts em sa\u00fade <\/strong>especializados em <strong>Entrada Sistem\u00e1tica no Mercado<\/strong> na <strong>Europa<\/strong>, <strong>CEI<\/strong>, <strong>ECL<\/strong>, <strong>Am\u00e9rica Latina<\/strong> e <strong>\u00c1sia<\/strong>. Todos os nossos 22 especialistas CPC t\u00eam mais de 20 anos de <strong>experi\u00eancia pr\u00e1tica<\/strong> no desenvolvimento e lan\u00e7amento de <strong>mais de 300 produtos Rx, Dispositivos M\u00e9dicos, OTC e Cosm\u00e9ticos<\/strong> em todo o mundo. Teremos prazer em apoiar seu neg\u00f3cio para crescer e prosperar al\u00e9m dos seus mercados j\u00e1 existentes.<\/p>\n\n\n\n<p>Acreditamos que as estrat\u00e9gias de crescimento na Ind\u00fastria da Sa\u00fade, tais como <strong>Consumer Healthcare, OTC, Pharma, Rx, Dispositivos M\u00e9dicos, Cosm\u00e9ticos, Fitoter\u00e1picos<\/strong> est\u00e3o se tornando cada vez mais dependentes da expans\u00e3o em mercados emergentes, como <strong>Am\u00e9rica Latina<\/strong>, <strong>\u00c1sia<\/strong>, <strong>CEI<\/strong>, <strong>ECL<\/strong>, <strong>Oriente M\u00e9dio<\/strong>, bem como em outros pa\u00edses e segmentos selecionados na <strong>Europa<\/strong>, <strong>EUA<\/strong> e <strong>Canad\u00e1<\/strong>.<\/p>\n\n\n\n<p>Estamos prontos para apoi\u00e1-lo com <strong>Estrat\u00e9gias, Marketing, Identifica\u00e7\u00e3o Sistem\u00e1tica de Parceiros Internacionais, Due Diligence Comercial, Desenvolvimento de Neg\u00f3cios, Busca de Aquisi\u00e7\u00f5es, Projetos Regulat\u00f3rios<\/strong>, e muito mais para garantir o seu crescimento. Estamos ansiosos para trabalhar com voc\u00ea.<\/p>\n\n\n\n<div class=\"ast_divide\" style=\"clear:both;border-bottom: 1px solid #eeeeee; width:100%; height:2px; margin:15px 0;\"><\/div>\n\n\n\n<h2><strong><strong>Nosso CEO<\/strong><\/strong><\/h2>\n\n\n\n<div class=\"wp-block-image\"><figure class=\"alignleft size-large is-resized\"><img loading=\"lazy\" src=\"https:\/\/old.chameleon-pharma.com\/wp-content\/uploads\/2020\/05\/RC-Foto-Hochkant-1-683x1024.jpg\" alt=\"\" class=\"wp-image-3246\" width=\"194\" height=\"292\"\/><\/figure><\/div>\n\n\n\n<div class=\"wp-block-image\"><figure class=\"alignright size-large is-resized\"><img loading=\"lazy\" src=\"https:\/\/old.chameleon-pharma.com\/wp-content\/uploads\/2020\/05\/our-purpose.jpg\" alt=\"\" class=\"wp-image-3241\" width=\"260\" height=\"327\"\/><figcaption>\u201cNa CPC, nosso prop\u00f3sito \u00e9 ser seu conselheiro de confian\u00e7a em estrat\u00e9gias de entrada no mercado global de sa\u00fade no mundo\u201d<br><\/figcaption><\/figure><\/div>\n\n\n\n<p>Reiner Christensen possui mais de 25 anos de experi\u00eancia internacional em <strong>Rx, Dispositivos M\u00e9dicos, OTC, Cosm\u00e9ticos e Suplementos Alimentares.<\/strong><\/p>\n\n\n\n<p>Ele trabalhou anteriormente para<strong> Ferrosan A\/B<\/strong> (Copenhagen), <strong>Omega Pharma Group<\/strong> (Bruxelas), e <strong>Merck KGaA<\/strong> (\u00c1sia, Am\u00e9rica Latina, Europa &amp; ECL\/CEI), <strong>Hoechst AG<\/strong> (Frankfurt) e <strong>Richard Bittner AG<\/strong> (Viena). Reiner j\u00e1 viveu e trabalhou na \u00c1sia, R\u00fassia\/CEI, Am\u00e9rica Latina e em diferentes pa\u00edses europeus.<\/p>\n\n\n\n<div class=\"ast_divide\" style=\"clear:both;border-bottom: 1px solid #eeeeee; width:100%; height:2px; margin:15px 0;\"><\/div>\n\n\n\n<h2><strong><strong>Nossos Especialistas<\/strong><\/strong><\/h2>\n\n\n\n<div class=\"wp-block-image\"><figure class=\"alignleft size-large is-resized\"><img loading=\"lazy\" src=\"https:\/\/old.chameleon-pharma.com\/wp-content\/uploads\/2014\/06\/Expert-foto.jpg\" alt=\"Chameleon Pharma Experts\" class=\"wp-image-1727\" width=\"554\" height=\"365\" srcset=\"https:\/\/old.chameleon-pharma.com\/\/uploads\/2014\/06\/Expert-foto.jpg 938w, https:\/\/old.chameleon-pharma.com\/\/uploads\/2014\/06\/Expert-foto-300x198.jpg 300w\" sizes=\"(max-width: 554px) 100vw, 554px\" \/><\/figure><\/div>\n\n\n\n<p><\/p>\n\n\n\n<p>Todos os nossos especialistas possuem ampla experi\u00eancia com pelo menos 20 anos na ind\u00fastria da sa\u00fade na <strong>Europa<\/strong>, nos <strong>EUA<\/strong> e nos <strong>Mercados Emergentes<\/strong> na <strong>\u00c1sia<\/strong>, <strong>Am\u00e9rica Latina<\/strong> e <strong>CEI<\/strong>. Trazemos um entendimento global das oportunidades e desafios da ind\u00fastria para cada cliente, a cada momento.<\/p>\n\n\n\n<div class=\"ast_divide\" style=\"clear:both;border-bottom: 1px solid #eeeeee; width:100%; height:2px; margin:15px 0;\"><\/div>\n\n\n<div class=\"col2\"><\/p>\n<h2><\/h2>\n<h2><span style=\"color: #000080;\">Nossos Princ\u00edpios<\/span><\/h2>\n<h3><strong>Conhecimento<\/strong><\/h3>\n<p>Fornecemos a nossos clientes uma ampla gama de Servi\u00e7os de Consultoria com foco em Consumer Healthcare, Rx, Cosm\u00e9ticos, Suplementos Alimentares, Bens de Consumo R\u00e1pido, Atacado, Varejo e Produ\u00e7\u00e3o.<\/p>\n<h3><strong>Experi\u00eancia<\/strong><\/h3>\n<p>Com tantos projetos bem sucedidos sob nossa supervis\u00e3o, foram desenvolvidas v\u00e1rias pr\u00e1ticas melhoradas das quais nossos clientes podem se beneficiar. Nossa equipe consiste em especialistas com experi\u00eancia consider\u00e1vel em estrat\u00e9gia, marketing, desenvolvimento de neg\u00f3cios, Due Diligence comercial, licenciamento, fus\u00f5es e aquisi\u00e7\u00f5es e processos regulat\u00f3rios.<\/p>\n<h3><strong>Confian\u00e7a<\/strong><\/h3>\n<p>Os interesses de nossos clientes v\u00eam sempre em primeiro lugar. Procuramos antecipar as necessidades de mudan\u00e7as r\u00e1pidas de nossos clientes e ajud\u00e1-los a atingir seus objetivos estrat\u00e9gicos. Honestidade e integridade est\u00e3o no cora\u00e7\u00e3o de nossos neg\u00f3cios.<\/p>\n<p><\/div>\n\n\n<div class=\"ast_divide\" style=\"clear:both;border-bottom: 1px solid #eeeeee; width:100%; height:2px; margin:15px 0;\"><\/div>\n","protected":false},"excerpt":{"rendered":"<p>N\u00f3s da Chameleon Pharma Consulting (CPC) somos experts em sa\u00fade especializados em Entrada Sistem\u00e1tica no Mercado na Europa, CEI, ECL, Am\u00e9rica Latina e \u00c1sia. Todos os nossos 22 especialistas CPC t\u00eam mais de 20 anos de experi\u00eancia pr\u00e1tica no desenvolvimento e lan\u00e7amento de mais de 300 produtos Rx, Dispositivos M\u00e9dicos, OTC e Cosm\u00e9ticos em todo<br \/><a class=\"moretag\" href=\"https:\/\/old.chameleon-pharma.com\/pt-br\/quem-somos\/\">+ Read More<\/a><\/p>\n","protected":false},"author":4,"featured_media":0,"parent":0,"menu_order":0,"comment_status":"closed","ping_status":"closed","template":"","meta":[],"_links":{"self":[{"href":"https:\/\/old.chameleon-pharma.com\/pt-br\/wp-json\/wp\/v2\/pages\/3014"}],"collection":[{"href":"https:\/\/old.chameleon-pharma.com\/pt-br\/wp-json\/wp\/v2\/pages"}],"about":[{"href":"https:\/\/old.chameleon-pharma.com\/pt-br\/wp-json\/wp\/v2\/types\/page"}],"author":[{"embeddable":true,"href":"https:\/\/old.chameleon-pharma.com\/pt-br\/wp-json\/wp\/v2\/users\/4"}],"replies":[{"embeddable":true,"href":"https:\/\/old.chameleon-pharma.com\/pt-br\/wp-json\/wp\/v2\/comments?post=3014"}],"version-history":[{"count":7,"href":"https:\/\/old.chameleon-pharma.com\/pt-br\/wp-json\/wp\/v2\/pages\/3014\/revisions"}],"predecessor-version":[{"id":3021,"href":"https:\/\/old.chameleon-pharma.com\/pt-br\/wp-json\/wp\/v2\/pages\/3014\/revisions\/3021"}],"wp:attachment":[{"href":"https:\/\/old.chameleon-pharma.com\/pt-br\/wp-json\/wp\/v2\/media?parent=3014"}],"curies":[{"name":"wp","href":"https:\/\/api.w.org\/{rel}","templated":true}]}}