{"id":2897,"date":"2020-07-22T09:56:08","date_gmt":"2020-07-22T07:56:08","guid":{"rendered":"https:\/\/old.chameleon-pharma.com\/?page_id=2897"},"modified":"2020-07-22T09:58:08","modified_gmt":"2020-07-22T07:58:08","slug":"quienes-somos","status":"publish","type":"page","link":"https:\/\/old.chameleon-pharma.com\/es\/quienes-somos\/","title":{"rendered":"Quienes somos"},"content":{"rendered":"\n<div class=\"wp-block-image\"><figure class=\"alignleft size-large is-resized\"><img loading=\"lazy\" src=\"https:\/\/old.chameleon-pharma.com\/wp-content\/uploads\/2020\/04\/House-of-Competence.jpg\" alt=\"\" class=\"wp-image-2890\" width=\"589\" height=\"370\"\/><\/figure><\/div>\n\n\n\n<p>En <strong>Chameleon Pharma Consulting (CPC)<\/strong> somos expertos en temas de salud, especializados en la <strong>entrada sistem\u00e1tica en el mercado<\/strong> en <strong>Europa, la CEI, la CEE, Am\u00e9rica Latina y Asia<\/strong>. Todos nuestros 22 consultores de CPC tienen m\u00e1s de 20 a\u00f1os de <strong>experiencia pr\u00e1ctica <\/strong>en el desarrollo y el lanzamiento de <strong>m\u00e1s de 300 productos de Rx, MD, OTC y Derma <\/strong>en todo el mundo. Estaremos encantados de apoyar a su empresa para que crezca y prospere fuera de sus mercados ya existentes.<\/p>\n\n\n\n<p>Creemos que las estrategias de crecimiento en la industria de la salud, como la <strong>salud del consumidor, OTC, Pharma, Rx, Dispositivos M\u00e9dicos, Cosm\u00e9ticos, Phyto<\/strong> son cada vez m\u00e1s dependientes de la expansi\u00f3n en los mercados emergentes, como <strong>Am\u00e9rica Latina, Asia, CEI, CEE, Oriente Medio<\/strong>, as\u00ed como otros pa\u00edses y segmentos seleccionados en <strong>Europa, EE.UU. y Canad\u00e1.<\/strong><\/p>\n\n\n\n<p>Estamos listos para apoyarlo en <strong>Estrategias, Mercadeo, Identificaci\u00f3n sistem\u00e1tica de socios de compa\u00f1\u00edas internacionales, Due Diligence Comercial, Desarrollo de Negocios, B\u00fasqueda de Adquisiciones, Proyectos Regulatorios,<\/strong> y m\u00e1s para asegurar su crecimiento. Esperamos con inter\u00e9s trabajar con usted.<\/p>\n\n\n\n<div class=\"ast_divide\" style=\"clear:both;border-bottom: 1px solid #eeeeee; width:100%; height:2px; margin:15px 0;\"><\/div>\n\n\n\n<h2><strong><strong>Nuestro CEO<\/strong><\/strong><\/h2>\n\n\n\n<div class=\"wp-block-image\"><figure class=\"alignleft size-large is-resized\"><img loading=\"lazy\" src=\"https:\/\/old.chameleon-pharma.com\/wp-content\/uploads\/2020\/05\/RC-Foto-Hochkant-1-683x1024.jpg\" alt=\"\" class=\"wp-image-3246\" width=\"194\" height=\"292\"\/><\/figure><\/div>\n\n\n\n<div class=\"wp-block-image\"><figure class=\"alignright size-large is-resized\"><img loading=\"lazy\" src=\"https:\/\/old.chameleon-pharma.com\/wp-content\/uploads\/2020\/05\/our-purpose.jpg\" alt=\"\" class=\"wp-image-3241\" width=\"260\" height=\"327\"\/><\/figure><\/div>\n\n\n\n<p>El Sr. Reiner Christensen recuerda m\u00e1s de 25 a\u00f1os de experiencia internacional en productos de <strong>Rx, Dispositivos M\u00e9dicos, OTC, Derma\/Cosm\u00e9ticos y Suplementos Alimenticios<\/strong> en la Direcci\u00f3n &nbsp;General.<\/p>\n\n\n\n<p>Anteriormente ha trabajado para <strong>Ferrosan A\/B<\/strong> (Copenhague), <strong>Omega Pharma Group <\/strong>(Bruselas), y <strong>Merck KGaA<\/strong> (Asia, Am\u00e9rica Latina, Europa y CEE\/CIS), <strong>Hoechst AG<\/strong> (Frankfurt) y <strong>Richard Bittner AG<\/strong> (Viena). Reiner ha vivido y trabajado en Asia, Rusia\/CEI, Am\u00e9rica Latina y diferentes pa\u00edses europeos.&nbsp;<\/p>\n\n\n\n<div class=\"ast_divide\" style=\"clear:both;border-bottom: 1px solid #eeeeee; width:100%; height:2px; margin:15px 0;\"><\/div>\n\n\n\n<h2><strong><strong>Nuestros Expertos en Farma <\/strong><\/strong><\/h2>\n\n\n\n<div class=\"wp-block-image\"><figure class=\"alignleft size-large is-resized\"><img loading=\"lazy\" src=\"https:\/\/old.chameleon-pharma.com\/wp-content\/uploads\/2014\/06\/Expert-foto.jpg\" alt=\"Chameleon Pharma Experts\" class=\"wp-image-1727\" width=\"554\" height=\"365\" srcset=\"https:\/\/old.chameleon-pharma.com\/\/uploads\/2014\/06\/Expert-foto.jpg 938w, https:\/\/old.chameleon-pharma.com\/\/uploads\/2014\/06\/Expert-foto-300x198.jpg 300w\" sizes=\"(max-width: 554px) 100vw, 554px\" \/><\/figure><\/div>\n\n\n\n<p><\/p>\n\n\n\n<p>Todos nuestros expertos farmac\u00e9uticos poseen una amplia experiencia con no menos de 20 a\u00f1os en la industria de la salud en <strong>Europa, los EE.UU<\/strong>. y los <strong>mercados emergentes de Asia<\/strong>, <strong>Am\u00e9rica Latina y la CEI<\/strong>. Aportamos una comprensi\u00f3n global de las oportunidades y desaf\u00edos de la industria a cada cliente, cada vez.<\/p>\n\n\n\n<div class=\"ast_divide\" style=\"clear:both;border-bottom: 1px solid #eeeeee; width:100%; height:2px; margin:15px 0;\"><\/div>\n\n\n<div class=\"col2\"><\/p>\n<h2><\/h2>\n<h2><span style=\"color: #000080;\">Nuestros Principios<\/span><\/h2>\n<h3><strong>Conocimiento<\/strong><\/h3>\n<p>Ofrecemos a nuestros clientes una amplia gama de servicios de consultor\u00eda centrados en la salud del consumidor, farmacia, cosm\u00e9ticos, suplementos alimenticios, productos de consumo masivo, venta al por mayor, venta al por menor y producci\u00f3n.<\/p>\n<h3><strong>Experiencia<\/strong><\/h3>\n<p>Con muchos proyectos exitosos en nuestro haber, se desarrollaron varias mejores pr\u00e1cticas de las cuales nuestros clientes pueden beneficiarse. Nuestro equipo est\u00e1 formado por especialistas con considerable experiencia en Estrategia, Marketing, Desarrollo de Negocios, Due Diligence Comercial, Licencias, Fusiones y Adquisiciones, y procesos regulatorios.<\/p>\n<h3><strong>Fiabilidad<\/strong><\/h3>\n<p>Los intereses de nuestros clientes siempre est\u00e1n en primer lugar. Nos esforzamos por anticiparnos a las necesidades r\u00e1pidamente cambiantes de nuestros clientes y ayudarles a alcanzar sus objetivos estrat\u00e9gicos. La honestidad y la integridad est\u00e1n en el coraz\u00f3n de nuestro negocio.<\/p>\n<p><\/div>\n\n\n<div class=\"ast_divide\" style=\"clear:both;border-bottom: 1px solid #eeeeee; width:100%; height:2px; margin:15px 0;\"><\/div>\n","protected":false},"excerpt":{"rendered":"<p>En Chameleon Pharma Consulting (CPC) somos expertos en temas de salud, especializados en la entrada sistem\u00e1tica en el mercado en Europa, la CEI, la CEE, Am\u00e9rica Latina y Asia. Todos nuestros 22 consultores de CPC tienen m\u00e1s de 20 a\u00f1os de experiencia pr\u00e1ctica en el desarrollo y el lanzamiento de m\u00e1s de 300 productos de<br \/><a class=\"moretag\" href=\"https:\/\/old.chameleon-pharma.com\/es\/quienes-somos\/\">+ M\u00e1s informaci\u00f3n<\/a><\/p>\n","protected":false},"author":4,"featured_media":0,"parent":0,"menu_order":0,"comment_status":"closed","ping_status":"closed","template":"","meta":[],"_links":{"self":[{"href":"https:\/\/old.chameleon-pharma.com\/es\/wp-json\/wp\/v2\/pages\/2897"}],"collection":[{"href":"https:\/\/old.chameleon-pharma.com\/es\/wp-json\/wp\/v2\/pages"}],"about":[{"href":"https:\/\/old.chameleon-pharma.com\/es\/wp-json\/wp\/v2\/types\/page"}],"author":[{"embeddable":true,"href":"https:\/\/old.chameleon-pharma.com\/es\/wp-json\/wp\/v2\/users\/4"}],"replies":[{"embeddable":true,"href":"https:\/\/old.chameleon-pharma.com\/es\/wp-json\/wp\/v2\/comments?post=2897"}],"version-history":[{"count":4,"href":"https:\/\/old.chameleon-pharma.com\/es\/wp-json\/wp\/v2\/pages\/2897\/revisions"}],"predecessor-version":[{"id":2901,"href":"https:\/\/old.chameleon-pharma.com\/es\/wp-json\/wp\/v2\/pages\/2897\/revisions\/2901"}],"wp:attachment":[{"href":"https:\/\/old.chameleon-pharma.com\/es\/wp-json\/wp\/v2\/media?parent=2897"}],"curies":[{"name":"wp","href":"https:\/\/api.w.org\/{rel}","templated":true}]}}