{"id":3199,"date":"2020-07-23T11:38:59","date_gmt":"2020-07-23T09:38:59","guid":{"rendered":"https:\/\/old.chameleon-pharma.com\/?page_id=3199"},"modified":"2020-07-23T11:53:27","modified_gmt":"2020-07-23T09:53:27","slug":"country-market-data","status":"publish","type":"page","link":"https:\/\/old.chameleon-pharma.com\/de\/veroeffentlichungen\/country-market-data\/","title":{"rendered":"Pharma Marktdaten"},"content":{"rendered":"<p><a href=\"https:\/\/old.chameleon-pharma.com\/wp-content\/uploads\/2020\/04\/CPC-map.png\"><img loading=\"lazy\" class=\"alignnone wp-image-2737 size-full\" src=\"https:\/\/old.chameleon-pharma.com\/wp-content\/uploads\/2020\/04\/CPC-map.png\" alt=\"\" width=\"684\" height=\"381\" srcset=\"https:\/\/old.chameleon-pharma.com\/\/uploads\/2020\/04\/CPC-map.png 684w, https:\/\/old.chameleon-pharma.com\/\/uploads\/2020\/04\/CPC-map-300x167.png 300w\" sizes=\"(max-width: 684px) 100vw, 684px\" \/><\/a><\/p>\n<p>Es reicht nicht aus, Marktdaten zu besitzen, man muss sie auch verstehen und interpretieren k\u00f6nnen. Das ist eine viel gr\u00f6\u00dfere Aufgabe, als es sich anh\u00f6rt; Parameter wie Vorschriften, besondere Vertriebskan\u00e4le, Marktstadium und Nachfrage nach Pharma- und Consumer Health-Produkten k\u00f6nnen dazu f\u00fchren, dass sich die Daten von Land zu Land drastisch unterscheiden. Diese Nuancen zu verstehen, kann sehr schwierig sein.<\/p>\n<p style=\"text-align: justify;\">Wir vom CPC erstellen f\u00fcr Sie L\u00e4nderdatenanalysen, um Ihnen auch in komplexen Auslandm\u00e4rkten den besten Einblick in die lokalen Gegebenheiten und daraus resultierenden Optionen zu geben.<\/p>\n<h2 style=\"text-align: justify;\"><strong>GUS\/CEE\/Eurasian Region<\/strong><\/h2>\n<div id=\"attachment_346\" style=\"width: 300px\" class=\"wp-caption alignleft\"><img aria-describedby=\"caption-attachment-346\" loading=\"lazy\" class=\"wp-image-346\" src=\"https:\/\/old.chameleon-pharma.com\/wp-content\/uploads\/2014\/06\/CIS_PR.jpg\" alt=\"CIS-Region\" width=\"290\" height=\"229\" srcset=\"https:\/\/old.chameleon-pharma.com\/\/uploads\/2014\/06\/CIS_PR.jpg 709w, https:\/\/old.chameleon-pharma.com\/\/uploads\/2014\/06\/CIS_PR-300x237.jpg 300w\" sizes=\"(max-width: 290px) 100vw, 290px\" \/><p id=\"caption-attachment-346\" class=\"wp-caption-text\">CIS-Region<\/p><\/div>\n<p>Die GUS-Region (Gemeinschaft Unabh\u00e4ngiger Staaten) besteht aus den Mitgliedsstaaten der ehemaligen Sowjetunion; CEE steht f\u00fcr Central and Eastern Europe und setzt sich aus L\u00e4ndern S\u00fcd-, S\u00fcdost- und Osteuropas zusammen. Die meisten von ihnen sind Schwellenl\u00e4nder; der russische Pharma- und OTC-Markt ist einer der vielversprechendsten in Bezug auf Gr\u00f6\u00dfe und Wachstum. Die meisten der GUS-M\u00e4rkte haben ein enormes Potenzial. Allein in Russland werden ca. 75% der OTC und Pharma Produkte (in Wert) importiert.<\/p>\n<p><a title=\"Russia: An overview\" href=\"https:\/\/old.chameleon-pharma.com\/publications\/country-market-data\/russia\/\" target=\"_blank\" rel=\"noopener noreferrer\"><strong>Russland<\/strong><\/a>\u00a0&#8211; <a title=\"Ukraine \u2013 TRIUMPH country\" href=\"https:\/\/old.chameleon-pharma.com\/publications\/country-market-data\/ukraine\/\" target=\"_blank\" rel=\"noopener noreferrer\"><strong>Ukraine<\/strong><\/a> &#8211; <a title=\"Kaza\u00adkhstan: Demand for inno\u00adv\u00ada\u00adtive OTC and Pharma prod\u00aducts\" href=\"https:\/\/old.chameleon-pharma.com\/publications\/country-market-data\/kaza%c2%adkhstan-demand-for-inno%c2%adv%c2%ada%c2%adtive-otc-and-pharma-prod%c2%aducts\/\" target=\"_blank\" rel=\"noopener noreferrer\"><strong><strong>Kazachstan<\/strong><\/strong><\/a><strong><strong> &#8211; <\/strong><\/strong><a title=\"Czech Republic\" href=\"https:\/\/old.chameleon-pharma.com\/publications\/country-market-data\/czech-republic\/\" target=\"_blank\" rel=\"noopener noreferrer\"><strong>Tschechische Republik<\/strong><\/a>\u00a0&#8211; <strong><a title=\"Poland\" href=\"https:\/\/old.chameleon-pharma.com\/publications\/country-market-data\/poland\/\" target=\"_blank\" rel=\"noopener noreferrer\">Polen<\/a>\u00a0&#8211; <a title=\"Romania\" href=\"https:\/\/old.chameleon-pharma.com\/publications\/country-market-data\/romania\/\" target=\"_blank\" rel=\"noopener noreferrer\">Rum\u00e4nien<\/a>\u00a0&#8211; <a title=\"Georgia: An emerging and promising healthcare market!\" href=\"https:\/\/old.chameleon-pharma.com\/publications\/country-market-data\/georgia-an-emerging-and-promising-healthcare-market\/\" target=\"_blank\" rel=\"noopener noreferrer\">Georgien<\/a><\/strong><\/p>\n<p style=\"text-align: justify;\"><div class=\"ast_divide\" style=\"clear:both;border-bottom: 1px solid #eeeeee; width:100%; height:2px; margin:15px 0;\"><\/div><\/p>\n<h2 style=\"text-align: justify;\"><strong>Asien<\/strong><\/h2>\n<div id=\"attachment_961\" style=\"width: 300px\" class=\"wp-caption alignleft\"><img aria-describedby=\"caption-attachment-961\" loading=\"lazy\" class=\"wp-image-961 size-full\" src=\"https:\/\/old.chameleon-pharma.com\/wp-content\/uploads\/2014\/06\/5407343369_c5dc846950_o.jpg\" alt=\"\" width=\"290\" height=\"229\" \/><p id=\"caption-attachment-961\" class=\"wp-caption-text\"><a href=\"https:\/\/www.flickr.com\/photos\/herry\/5407343369\" target=\"_blank\" rel=\"noopener noreferrer\"> Hong Kong<\/a> von <a href=\"https:\/\/www.flickr.com\/photos\/herry\/\" target=\"_blank\" rel=\"noopener noreferrer\"> Herry Lawford <\/a> unter <a href=\"http:\/\/creativecommons.org\/licenses\/by\/2.0\/deed.en\" target=\"_blank\" rel=\"noopener noreferrer\">CC<\/a><\/p><\/div>\n<p>Asien ist eine der Regionen mit\u00a0 gro\u00dfem Potenzial f\u00fcr Investoren im Bereich Pharma und Consumer Healthcare. Die L\u00e4nder sind sehr offen, ihre Pharma- und Selbstmedikationssysteme zu verbessern, und die Regierungen haben in den letzten Jahren gro\u00dfe Summen in diese Segmente investiert.\u00a0<\/p>\n<p><strong><a title=\"Indonesia \u2013 TRIUMPH country\" href=\"https:\/\/old.chameleon-pharma.com\/publications\/country-market-data\/indonesia-triumph-country\/\" target=\"_blank\" rel=\"noopener noreferrer\">Indonesien<\/a>\u00a0&#8211; <a title=\"The Philippines \u2013 TRIUMPH country\" href=\"https:\/\/old.chameleon-pharma.com\/publications\/country-market-data\/the-philippines-triumph-country-2\/\" target=\"_blank\" rel=\"noopener noreferrer\">Philippinen<\/a>\u00a0&#8211; <a title=\"Thailand\" href=\"https:\/\/old.chameleon-pharma.com\/publications\/country-market-data\/thailand\/\" target=\"_blank\" rel=\"noopener noreferrer\">Thailand<\/a> &#8211; <a title=\"China\" href=\"https:\/\/old.chameleon-pharma.com\/publications\/country-market-data\/china\/\" target=\"_blank\" rel=\"noopener noreferrer\">China<\/a> &#8211; <a title=\"Malaysia\" href=\"https:\/\/old.chameleon-pharma.com\/publications\/country-market-data\/malaysia\/\" target=\"_blank\" rel=\"noopener noreferrer\">Malaysia<\/a> &#8211; <a title=\"India\" href=\"https:\/\/old.chameleon-pharma.com\/publications\/country-market-data\/india\/\" target=\"_blank\" rel=\"noopener noreferrer\">Indien<\/a>\u00a0&#8211; <a title=\"Vietnam\" href=\"https:\/\/old.chameleon-pharma.com\/publications\/country-market-data\/vietnam\/\" target=\"_blank\" rel=\"noopener noreferrer\">Vietnam<\/a> &#8211; <a title=\"South Korea\" href=\"https:\/\/old.chameleon-pharma.com\/publications\/country-market-data\/south-korea\/\" target=\"_blank\" rel=\"noopener noreferrer\">S\u00fcdkorea<\/a> &#8211; <a title=\"Aus\u00adtralia\" href=\"https:\/\/old.chameleon-pharma.com\/publications\/country-market-data\/aus%c2%adtralia\/\" target=\"_blank\" rel=\"noopener noreferrer\">Australien<\/a><\/strong><\/p>\n<div class=\"ast_divide\" style=\"clear:both;border-bottom: 1px solid #eeeeee; width:100%; height:2px; margin:15px 0;\"><\/div>\n<h2 style=\"text-align: justify;\">\u00a0<\/h2>\n<h2 style=\"text-align: justify;\"><strong>Lateinamerika<\/strong><\/h2>\n<div id=\"attachment_1345\" style=\"width: 300px\" class=\"wp-caption alignleft\"><a href=\"https:\/\/old.chameleon-pharma.com\/wp-content\/uploads\/2014\/06\/1465670067_665fbcd31f_o.jpg\"><img aria-describedby=\"caption-attachment-1345\" loading=\"lazy\" class=\"wp-image-1345 \" src=\"https:\/\/old.chameleon-pharma.com\/wp-content\/uploads\/2014\/06\/1465670067_665fbcd31f_o-300x200.jpg\" alt=\"\" width=\"290\" height=\"200\" \/><\/a><p id=\"caption-attachment-1345\" class=\"wp-caption-text\"><a href=\"https:\/\/www.flickr.com\/photos\/jdlasica\/1465670067\/in\/photolist-3evWDz-c3rhzL-6BqxAB-6BuHAf-ajp1Fp-6Bqy7v-bzwrg3-6BqxMx-9h92yR-P6TxG-5EsaFQ-4R7DWM-ay8Kuj-auCVtr-91bovz-fojnfC-amyBcc-9G8J4P-amBqoS-6Bqxqa-9h931x-icRhmc-amyyrn-amyyT6-amyycc-4R7DVe-6BuHTd-5WigLL-8wLzmF-4fN9b8-Fyk8w-9gtNiM-amBnjN-7UWaJT\" target=\"_blank\" rel=\"noopener noreferrer\"> Toucan in Tokyo <\/a> von <a href=\"https:\/\/www.flickr.com\/photos\/jdlasica\/\" target=\"_blank\" rel=\"noopener noreferrer\"> JD Lasica <\/a> unter <a href=\"http:\/\/creativecommons.org\/licenses\/by\/2.0\/deed.en\" target=\"_blank\" rel=\"noopener noreferrer\">CC<\/a><\/p><\/div>\n<p>Der lateinamerikanische OTC und Pharma Markt hat sich aufgrund seiner starken Wachstumschancen und der positiven regulatorischen Entwicklungen zu einem sehr attraktiven Markt entwickelt, insbesondere wenn es um langfristige Investitionen geht. Der mexikanische Pharma- und OTC-Markt zum Beispiel ist der zweitgr\u00f6\u00dfte in Lateinamerika und gleichzeitig eines der attraktivsten L\u00e4nder \u00a0f\u00fcr ausl\u00e4ndische Pharma Hersteller und Investoren.\u00a0<\/p>\n<p><strong><a title=\"Mexico: Healthcare Emerging Market\" href=\"https:\/\/old.chameleon-pharma.com\/publications\/country-market-data\/mexico\/\">Mexiko <\/a>&#8211; <a title=\"Colombia\" href=\"https:\/\/old.chameleon-pharma.com\/publications\/country-market-data\/colombia\/\" target=\"_blank\" rel=\"noopener noreferrer\">Kolumbien<\/a>\u00a0&#8211; <a title=\"Brazil\" href=\"https:\/\/old.chameleon-pharma.com\/publications\/country-market-data\/brazil\/\" target=\"_blank\" rel=\"noopener noreferrer\">Brasilien <\/a>&#8211; <a title=\"Argentina\" href=\"https:\/\/old.chameleon-pharma.com\/publications\/country-market-data\/argentina\/\" target=\"_blank\" rel=\"noopener noreferrer\">Argentinien<\/a>\u00a0&#8211; <a title=\"Peru\" href=\"https:\/\/old.chameleon-pharma.com\/publications\/country-market-data\/peru\/\" target=\"_blank\" rel=\"noopener noreferrer\">Peru<\/a><br \/><\/strong><\/p>\n<p style=\"text-align: justify;\"><div class=\"ast_divide\" style=\"clear:both;border-bottom: 1px solid #eeeeee; width:100%; height:2px; margin:15px 0;\"><\/div><\/p>\n<h2 style=\"text-align: justify;\"><strong>Europa<\/strong><\/h2>\n<div id=\"attachment_1346\" style=\"width: 302px\" class=\"wp-caption alignleft\"><a href=\"https:\/\/old.chameleon-pharma.com\/wp-content\/uploads\/2014\/06\/2390666040_5a9d52b896_o.jpg\"><img aria-describedby=\"caption-attachment-1346\" loading=\"lazy\" class=\"wp-image-1346 \" src=\"https:\/\/old.chameleon-pharma.com\/wp-content\/uploads\/2014\/06\/2390666040_5a9d52b896_o-300x224.jpg\" alt=\"\" width=\"292\" height=\"218\" srcset=\"https:\/\/old.chameleon-pharma.com\/\/uploads\/2014\/06\/2390666040_5a9d52b896_o-300x224.jpg 300w, https:\/\/old.chameleon-pharma.com\/\/uploads\/2014\/06\/2390666040_5a9d52b896_o.jpg 797w\" sizes=\"(max-width: 292px) 100vw, 292px\" \/><\/a><p id=\"caption-attachment-1346\" class=\"wp-caption-text\"><a href=\"https:\/\/www.flickr.com\/photos\/robdeman\/2390666040\/in\/photolist-4DfMJ1-bza6VY-bhVuAD-8n25hm-gbtQ2-5uQNGe-fbGUdW-fbsCfF-fbsCj8-9sfY2-6KnpEc-Ti8Kt-7y3GEX-2WAXm2-aJN7Sk-8odEaX-hz8vj-8ofXhv-4VBm3Q-8ku3hp-8s4uTN-8q6kNA-hVTn3-8mcXr8-8mcX1t-8ojnZE-8ofWzD-6Y4Sr3-3KQMcz-8nRV9d-P1QkV-9Sct6x-98jRi8-2raPBV-2EyCTR-mqndK-fnAcx8-fnQrrm-5jzd2a-XMMTs-fnAg5V-8mghqf-5wCLLF-7rQYq-8n267A-8n26YW-dmN9fy-9DwWLP-67Gy3p-LixoL\" target=\"_blank\" rel=\"noopener noreferrer\"> European Flag<\/a> von <a href=\"https:\/\/www.flickr.com\/photos\/robdeman\/\" target=\"_blank\" rel=\"noopener noreferrer\"> Rock Cohen <\/a> unter <a href=\"http:\/\/creativecommons.org\/licenses\/by\/2.0\/deed.en\" target=\"_blank\" rel=\"noopener noreferrer\">CC<\/a><\/p><\/div>\n<p>Es wird erwartet, dass die entwickelten Pharma- und OTC-M\u00e4rkte in Europa in den n\u00e4chsten f\u00fcnf Jahren aufgrund einer Reihe von Faktoren weiterhin stabil wachsen werden: Patentabl\u00e4ufe, zunehmend vorsichtiger Umgang mit Innovationen in der Europe Region usw. Die reife westliche OTC &amp; Pharmaindustrie sieht sich heute mit einem herausfordernden Gesch\u00e4ftsumfeld konfrontiert und weist folglich dessen ein moderates Wachstum auf. Dennoch hat der Pharma- und OTC-Markt seine Attraktivit\u00e4t in spezifischen Segmenten und mit dem richtigen Ansatz.<\/p>\n<p><strong><a title=\"Belgium &amp; the Netherlands\" href=\"https:\/\/old.chameleon-pharma.com\/publications\/country-market-data\/belgium-the-netherlands\/\" target=\"_blank\" rel=\"noopener noreferrer\">BeNeLux<\/a> &#8211; <a title=\"The Nordic Countries\" href=\"https:\/\/old.chameleon-pharma.com\/the-nordic-countries\/\" target=\"_blank\" rel=\"noopener noreferrer\">Nordeuropa<\/a>\u00a0&#8211; <strong><a title=\"Austria\" href=\"https:\/\/old.chameleon-pharma.com\/publications\/country-market-data\/austria\/\" target=\"_blank\" rel=\"noopener noreferrer\">\u00d6sterreich<\/a>\u00a0&#8211; <\/strong><a title=\"France\" href=\"https:\/\/old.chameleon-pharma.com\/publications\/country-market-data\/france\/\" target=\"_blank\" rel=\"noopener noreferrer\">Frankreich<\/a>\u00a0&#8211; <a title=\"Germany: The biggest European market\" href=\"https:\/\/old.chameleon-pharma.com\/publications\/country-market-data\/germany-the-biggest-european-market\/\" target=\"_blank\" rel=\"noopener noreferrer\">Deutschland<\/a>\u00a0&#8211; <a title=\"Italy\" href=\"https:\/\/old.chameleon-pharma.com\/publications\/country-market-data\/italy\/\" target=\"_blank\" rel=\"noopener noreferrer\">Italien<\/a>\u00a0&#8211; <a title=\"Portugal\" href=\"https:\/\/old.chameleon-pharma.com\/publications\/country-market-data\/portugal\/\" target=\"_blank\" rel=\"noopener noreferrer\">Portugal<\/a> &#8211; <a title=\"Spain\" href=\"https:\/\/old.chameleon-pharma.com\/spain\/\" target=\"_blank\" rel=\"noopener noreferrer\">Spanien<\/a>\u00a0&#8211; <a title=\"Switzerland\" href=\"https:\/\/old.chameleon-pharma.com\/switzerland\/\" target=\"_blank\" rel=\"noopener noreferrer\">Schweiz<\/a><\/strong><\/p>\n<div class=\"ast_divide\" style=\"clear:both;border-bottom: 1px solid #eeeeee; width:100%; height:2px; margin:15px 0;\"><\/div>\n<h2><strong>Naher Osten und Afrika<\/strong><\/h2>\n\n\n<div class=\"wp-block-image\"><figure class=\"alignleft size-large is-resized\"><img loading=\"lazy\" src=\"https:\/\/old.chameleon-pharma.com\/wp-content\/uploads\/2020\/06\/9695251622_02731eb2c1_c.jpg\" alt=\"\" class=\"wp-image-3481\" width=\"306\" height=\"204\"\/><figcaption><a href=\"https:\/\/www.flickr.com\/photos\/100172115@N03\/\">Andrej Kragel<\/a> &#8211; <br><a href=\"https:\/\/www.flickr.com\/photos\/100172115@N03\/9695251622\/\">Emirates<\/a><\/figcaption><\/figure><\/div>\n\n\n\n<p>Der Nahe Osten und Afrika repr\u00e4sentieren L\u00e4nder mit sehr unterschiedlichem BIP, wirtschaftlichem Entwicklungsstand und Gesundheitsinfrastruktur. Saudi-Arabien, \u00c4gypten, S\u00fcdafrika und andere L\u00e4nder bauen Schritt f\u00fcr Schritt ihre Rolle auf den Gesundheits- und Selbstmedikationsm\u00e4rkten der Region aus. Wenn diese M\u00e4rkte mit einem klugen systematischen Ansatz und mit strategisch ausgew\u00e4hlten Produkten erschlossen werden, k\u00f6nnten die Unternehmen im Bereich der Selbstmedikation und Pharmazie in der Region recht erfolgreich werden.<\/p>\n\n\n\n<p><a rel=\"noreferrer noopener\" href=\"https:\/\/old.chameleon-pharma.com\/publications\/country-market-data\/turkey\/\" target=\"_blank\"><strong>T\u00fcrkei<\/strong><\/a> &#8211; <strong><a href=\"https:\/\/old.chameleon-pharma.com\/publications\/country-market-data\/iran\/\">Iran<\/a> &#8211; <a rel=\"noreferrer noopener\" href=\"https:\/\/old.chameleon-pharma.com\/publications\/country-market-data\/south-africa\/\" target=\"_blank\">S\u00fcdafrika<\/a>\u00a0<\/strong><\/p>\n\n\n<div class=\"ast_divide\" style=\"clear:both;border-bottom: 1px solid #eeeeee; width:100%; height:2px; margin:15px 0;\"><\/div>\n\n\n\n<h2><strong>Nordamerika<\/strong><\/h2>\n\n\n\n<div class=\"wp-block-image\"><figure class=\"alignleft size-large is-resized\"><img loading=\"lazy\" src=\"https:\/\/old.chameleon-pharma.com\/wp-content\/uploads\/2020\/06\/27184779286_ac0bbea8fc_c.jpg\" alt=\"\" class=\"wp-image-3488\" width=\"307\" height=\"204\"\/><figcaption><a href=\"https:\/\/www.flickr.com\/photos\/opengridscheduler\/\">pen Grid Scheduler \/ Grid Engine<\/a> &#8211; <br><a href=\"https:\/\/www.flickr.com\/photos\/opengridscheduler\/27184779286\/\">Toronto<\/a><\/figcaption><\/figure><\/div>\n\n\n\n<p>Die nordamerikanische Region, insbesondere die USA, geh\u00f6rt zu den weltweit f\u00fchrenden Regionen im Bereich der Consumer Health und auch Pharma Produkte. Was die Gesundheitsf\u00fcrsorge betrifft, so verzeichnen Kanada und die USA ein betr\u00e4chtliches Wachstum, das sich leicht durch einen leichten Zugang zu hochwertigen Arzneimitteln, ein hohes Gesundheitsbewusstsein der Bev\u00f6lkerung, sowie recht hohe Ausgaben f\u00fcr die Gesundheitsf\u00fcrsorge und nat\u00fcrlich durch ein hohes BIP erkl\u00e4ren l\u00e4sst.<\/p>\n\n\n\n<p><strong>&#8211; <a href=\"https:\/\/old.chameleon-pharma.com\/publications\/country-market-data\/the-usa\/\">die USA<\/a> &#8211; <a href=\"https:\/\/old.chameleon-pharma.com\/countries\/canada\/\">Kanada<\/a><\/strong><\/p>\n","protected":false},"excerpt":{"rendered":"<p>Es reicht nicht aus, Marktdaten zu besitzen, man muss sie auch verstehen und interpretieren k\u00f6nnen. Das ist eine viel gr\u00f6\u00dfere Aufgabe, als es sich anh\u00f6rt; Parameter wie Vorschriften, besondere Vertriebskan\u00e4le, Marktstadium und Nachfrage nach Pharma- und Consumer Health-Produkten k\u00f6nnen dazu f\u00fchren, dass sich die Daten von Land zu Land drastisch unterscheiden. Diese Nuancen zu verstehen,<br \/><a class=\"moretag\" href=\"https:\/\/old.chameleon-pharma.com\/de\/veroeffentlichungen\/country-market-data\/\">+ Mehr erfahren<\/a><\/p>\n","protected":false},"author":4,"featured_media":0,"parent":3380,"menu_order":0,"comment_status":"closed","ping_status":"closed","template":"","meta":[],"_links":{"self":[{"href":"https:\/\/old.chameleon-pharma.com\/de\/wp-json\/wp\/v2\/pages\/3199"}],"collection":[{"href":"https:\/\/old.chameleon-pharma.com\/de\/wp-json\/wp\/v2\/pages"}],"about":[{"href":"https:\/\/old.chameleon-pharma.com\/de\/wp-json\/wp\/v2\/types\/page"}],"author":[{"embeddable":true,"href":"https:\/\/old.chameleon-pharma.com\/de\/wp-json\/wp\/v2\/users\/4"}],"replies":[{"embeddable":true,"href":"https:\/\/old.chameleon-pharma.com\/de\/wp-json\/wp\/v2\/comments?post=3199"}],"version-history":[{"count":21,"href":"https:\/\/old.chameleon-pharma.com\/de\/wp-json\/wp\/v2\/pages\/3199\/revisions"}],"predecessor-version":[{"id":3220,"href":"https:\/\/old.chameleon-pharma.com\/de\/wp-json\/wp\/v2\/pages\/3199\/revisions\/3220"}],"up":[{"embeddable":true,"href":"https:\/\/old.chameleon-pharma.com\/de\/wp-json\/wp\/v2\/pages\/3380"}],"wp:attachment":[{"href":"https:\/\/old.chameleon-pharma.com\/de\/wp-json\/wp\/v2\/media?parent=3199"}],"curies":[{"name":"wp","href":"https:\/\/api.w.org\/{rel}","templated":true}]}}