{"id":2763,"date":"2014-06-09T10:58:27","date_gmt":"2014-06-09T08:58:27","guid":{"rendered":"https:\/\/old.chameleon-pharma.com\/about-us\/"},"modified":"2020-07-22T16:25:10","modified_gmt":"2020-07-22T14:25:10","slug":"about-us","status":"publish","type":"page","link":"https:\/\/old.chameleon-pharma.com\/de\/about-us\/","title":{"rendered":"\u00dcber uns"},"content":{"rendered":"\n<div class=\"wp-block-image\"><figure class=\"alignleft size-large is-resized\"><img loading=\"lazy\" src=\"https:\/\/old.chameleon-pharma.com\/wp-content\/uploads\/2020\/04\/House-of-Competence.jpg\" alt=\"\" class=\"wp-image-2890\" width=\"589\" height=\"370\"\/><\/figure><\/div>\n\n\n\n<p>Wir bei Chameleon Pharma Consulting (CPC) sind Healthcare Experten, die sich auf den systematischen Markteintritt in Lateinamerika, Asien, &nbsp;Europa, den GUS L\u00e4ndern und Osteuropa und den USA, spezialisiert haben. Der Fokus liegt auf den Emerging Markets im Pharma segment. Alle unsere CPC-Experten verf\u00fcgen \u00fcber mehr als 20 Jahre praktische Erfahrung bei der Markteinf\u00fchrung und Umsatzentwicklung von mehr als 300 Rx-, MD-, OTC-, Food Supplement und Derma-Produkten in der ganzen Welt. Gerne unterst\u00fctzen wir auch Ihr Unternehmen bei<\/p>\n\n\n\n<ul><li>der Markteintritt Analyse incl. Konkurrenz, Vertrieb und Marketing, Potential<\/li><li>dem erfolgreichen Markteintritt in neuen L\u00e4nder<\/li><li>der Zulassung sowie GMP oder anderer Regulatory Themen.<\/li><\/ul>\n\n\n\n<p>Wir glauben, dass Wachstumsstrategien in der Gesundheitsindustrie, wie z.B. Consumer Health, OTC, Pharma, Rx, Food Supplements, Medizinprodukte, Kosmetik, Phyto immer mehr von der Expansion in aufstrebende Emerging Markets &nbsp;wie Lateinamerika, Asien, GUS\/Russland, CEE, Naher Osten sowie ausgew\u00e4hlte andere L\u00e4nder und Segmente in Europa, USA und Kanada abh\u00e4ngig sind.<\/p>\n\n\n\n<p>Wir w\u00fcrden uns freuen, Sie in den Bereichen Strategie, Marketing, systematische Identifizierung internationaler Unternehmenspartner, Commercial Due Diligence, Business Development, Akquisitionssuche, regulatorischen Projekte &nbsp;unterst\u00fctzen zu d\u00fcrfen.<\/p>\n\n\n\n<div class=\"ast_divide\" style=\"clear:both;border-bottom: 1px solid #eeeeee; width:100%; height:2px; margin:15px 0;\"><\/div>\n\n\n\n<h2><strong><strong>Unser <\/strong>CEO<\/strong><\/h2>\n\n\n\n<div class=\"wp-block-image\"><figure class=\"alignleft size-large is-resized\"><img loading=\"lazy\" src=\"https:\/\/old.chameleon-pharma.com\/wp-content\/uploads\/2020\/05\/RC-Foto-Hochkant-1-683x1024.jpg\" alt=\"\" class=\"wp-image-3246\" width=\"194\" height=\"292\"\/><\/figure><\/div>\n\n\n\n<div class=\"wp-block-image\"><figure class=\"alignright size-large is-resized\"><img loading=\"lazy\" src=\"https:\/\/old.chameleon-pharma.com\/wp-content\/uploads\/2020\/05\/our-purpose.jpg\" alt=\"\" class=\"wp-image-3241\" width=\"260\" height=\"327\"\/><\/figure><\/div>\n\n\n\n<p>Herr Reiner Christensen blickt auf \u00fcber 25 Jahre internationale Erfahrung in den Bereichen Rx, Medizinprodukte, OTC, Derma\/Kosmetik und Nahrungserg\u00e4nzungsprodukte im General Management zur\u00fcck.<\/p>\n\n\n\n<p>Zuvor war er f\u00fcr Ferrosan A\/B (Kopenhagen), Omega Pharma Group (Br\u00fcssel) und Merck KGaA (Asien, Lateinamerika, Europa &amp; CEE\/CIS), Hoechst AG (Frankfurt) und Richard Bittner AG (Wien) t\u00e4tig. Reiner hat in Asien, Russland\/GUS, Lateinamerika und verschiedenen europ\u00e4ischen L\u00e4ndern gelebt und gearbeitet.&nbsp;<\/p>\n\n\n\n<div class=\"ast_divide\" style=\"clear:both;border-bottom: 1px solid #eeeeee; width:100%; height:2px; margin:15px 0;\"><\/div>\n\n\n\n<h2><strong><strong>Unsere Healthcare Experten<\/strong><\/strong><\/h2>\n\n\n\n<div class=\"wp-block-image\"><figure class=\"alignleft size-large is-resized\"><img loading=\"lazy\" src=\"https:\/\/old.chameleon-pharma.com\/wp-content\/uploads\/2014\/06\/Expert-foto.jpg\" alt=\"Chameleon Pharma Experts\" class=\"wp-image-1727\" width=\"554\" height=\"365\" srcset=\"https:\/\/old.chameleon-pharma.com\/\/uploads\/2014\/06\/Expert-foto.jpg 938w, https:\/\/old.chameleon-pharma.com\/\/uploads\/2014\/06\/Expert-foto-300x198.jpg 300w\" sizes=\"(max-width: 554px) 100vw, 554px\" \/><\/figure><\/div>\n\n\n\n<p><\/p>\n\n\n\n<p>Alle unsere Experten verf\u00fcgen \u00fcber mehr als 20 Jahre Erfahrung in der Gesundheitsbranche der Emerging Markets in Asiens, Lateinamerikas, GUS\/Russland sowie weiter L\u00e4nder in Europa, den USA\/ Kanada. Wir bringen ein globales <strong>Verst\u00e4ndnis der Chancen und Herausforderungen<\/strong> der <strong>Healthcare Branche<\/strong> f\u00fcr jeden Kunden mit. . Wir bieten unseren Kunden ein breites Spektrum an Pharma- und <strong>Gesundheitsberatungsdiensten <\/strong>mit Schwerpunkt auf Consumer Healthcare, Pharma Rx, Derma, Medizinprodukte, Nahrungserg\u00e4nzungsmittel, FMCG, Gro\u00dfhandel, Einzelhandel und Produktion in den <strong>Emerging Markets<\/strong>.<\/p>\n\n\n\n<div class=\"ast_divide\" style=\"clear:both;border-bottom: 1px solid #eeeeee; width:100%; height:2px; margin:15px 0;\"><\/div>\n\n\n<div class=\"col2\"><\/p>\n<h2><\/h2>\n<h2><span style=\"color: #000080;\">Unsere Grunds\u00e4tze<\/span><\/h2>\n<h3><strong>Healthcare Wissen<\/strong><\/h3>\n<p>Wir bieten unseren Kunden eine breite Palette von Beratungsdienstleistungen mit Schwerpunkt auf den Bereichen Consumer Healthcare, Pharma Rx, Kosmetik, Nahrungserg\u00e4nzungsmittel, FMCG, Gro\u00dfhandel, Einzelhandel und Produktion vor allem in den Emerging Markets.<\/p>\n<h3><strong>Healthcare Erfahrung <\/strong><\/h3>\n<p>In vielen erfolgreichen Projekten wurden verschiedene Best Practices entwickelt, von denen unsere Kunden profitieren k\u00f6nnen. Unser Team besteht aus Spezialisten mit betr\u00e4chtlicher Erfahrung in den Bereichen Strategie, Marketing, Gesch\u00e4ftsentwicklung, Commercial Due Diligence, Lizenzierung, M&#038;A und regulatorische Prozesse.<\/p>\n<h3><strong>Zuverl\u00e4ssigkeit<\/strong><\/h3>\n<p>Die Interessen unserer Kunden stehen immer an erster Stelle. Wir bem\u00fchen uns, die sich rasch \u00e4ndernden Bed\u00fcrfnisse unserer Kunden zu antizipieren und sie bei der Erreichung ihrer strategischen Ziele zu unterst\u00fctzen. Ehrlichkeit und Integrit\u00e4t sind das Herzst\u00fcck unseres Gesch\u00e4fts.<\/p>\n<p><\/div>\n\n\n<div class=\"ast_divide\" style=\"clear:both;border-bottom: 1px solid #eeeeee; width:100%; height:2px; margin:15px 0;\"><\/div>\n","protected":false},"excerpt":{"rendered":"<p>Wir bei Chameleon Pharma Consulting (CPC) sind Healthcare Experten, die sich auf den systematischen Markteintritt in Lateinamerika, Asien, &nbsp;Europa, den GUS L\u00e4ndern und Osteuropa und den USA, spezialisiert haben. Der Fokus liegt auf den Emerging Markets im Pharma segment. Alle unsere CPC-Experten verf\u00fcgen \u00fcber mehr als 20 Jahre praktische Erfahrung bei der Markteinf\u00fchrung und Umsatzentwicklung<br \/><a class=\"moretag\" href=\"https:\/\/old.chameleon-pharma.com\/de\/about-us\/\">+ Mehr erfahren<\/a><\/p>\n","protected":false},"author":3,"featured_media":0,"parent":0,"menu_order":0,"comment_status":"closed","ping_status":"closed","template":"","meta":[],"_links":{"self":[{"href":"https:\/\/old.chameleon-pharma.com\/de\/wp-json\/wp\/v2\/pages\/2763"}],"collection":[{"href":"https:\/\/old.chameleon-pharma.com\/de\/wp-json\/wp\/v2\/pages"}],"about":[{"href":"https:\/\/old.chameleon-pharma.com\/de\/wp-json\/wp\/v2\/types\/page"}],"author":[{"embeddable":true,"href":"https:\/\/old.chameleon-pharma.com\/de\/wp-json\/wp\/v2\/users\/3"}],"replies":[{"embeddable":true,"href":"https:\/\/old.chameleon-pharma.com\/de\/wp-json\/wp\/v2\/comments?post=2763"}],"version-history":[{"count":16,"href":"https:\/\/old.chameleon-pharma.com\/de\/wp-json\/wp\/v2\/pages\/2763\/revisions"}],"predecessor-version":[{"id":3146,"href":"https:\/\/old.chameleon-pharma.com\/de\/wp-json\/wp\/v2\/pages\/2763\/revisions\/3146"}],"wp:attachment":[{"href":"https:\/\/old.chameleon-pharma.com\/de\/wp-json\/wp\/v2\/media?parent=2763"}],"curies":[{"name":"wp","href":"https:\/\/api.w.org\/{rel}","templated":true}]}}